{"id":79,"date":"2023-07-21T17:12:31","date_gmt":"2023-07-21T17:12:31","guid":{"rendered":"http:\/\/ferreteriaplazamayor.es\/portal\/?page_id=79"},"modified":"2023-08-03T08:02:31","modified_gmt":"2023-08-03T08:02:31","slug":"ferreteria-llaves","status":"publish","type":"page","link":"https:\/\/www.ferreteriaplazamayor.es\/portal\/?page_id=79","title":{"rendered":"FERRETER\u00cdA LLAVES"},"content":{"rendered":"\t\t<div data-elementor-type=\"wp-page\" data-elementor-id=\"79\" class=\"elementor elementor-79\">\n\t\t\t\t\t\t\t\t\t<section class=\"elementor-section elementor-top-section elementor-element elementor-element-707c62e elementor-section-boxed elementor-section-height-default elementor-section-height-default\" data-id=\"707c62e\" data-element_type=\"section\">\n\t\t\t\t\t\t<div class=\"elementor-container elementor-column-gap-default\">\n\t\t\t\t\t<div class=\"elementor-column elementor-col-50 elementor-top-column elementor-element elementor-element-5a9279a\" data-id=\"5a9279a\" data-element_type=\"column\">\n\t\t\t<div class=\"elementor-widget-wrap elementor-element-populated\">\n\t\t\t\t\t\t\t\t<div class=\"elementor-element elementor-element-22c4c28 elementor-widget elementor-widget-image\" data-id=\"22c4c28\" data-element_type=\"widget\" data-widget_type=\"image.default\">\n\t\t\t\t<div class=\"elementor-widget-container\">\n\t\t\t<style>\/*! elementor - v3.18.0 - 20-12-2023 *\/\n.elementor-widget-image{text-align:center}.elementor-widget-image a{display:inline-block}.elementor-widget-image a img[src$=\".svg\"]{width:48px}.elementor-widget-image img{vertical-align:middle;display:inline-block}<\/style>\t\t\t\t\t\t\t\t\t\t\t\t<img fetchpriority=\"high\" decoding=\"async\" width=\"800\" height=\"534\" src=\"https:\/\/www.ferreteriaplazamayor.es\/portal\/wp-content\/uploads\/2023\/08\/pexels-photomix-company-101808-1024x683.jpg\" class=\"attachment-large size-large wp-image-321\" alt=\"\" srcset=\"https:\/\/www.ferreteriaplazamayor.es\/portal\/wp-content\/uploads\/2023\/08\/pexels-photomix-company-101808-1024x683.jpg 1024w, https:\/\/www.ferreteriaplazamayor.es\/portal\/wp-content\/uploads\/2023\/08\/pexels-photomix-company-101808-300x200.jpg 300w, https:\/\/www.ferreteriaplazamayor.es\/portal\/wp-content\/uploads\/2023\/08\/pexels-photomix-company-101808-768x512.jpg 768w, https:\/\/www.ferreteriaplazamayor.es\/portal\/wp-content\/uploads\/2023\/08\/pexels-photomix-company-101808-1536x1024.jpg 1536w, https:\/\/www.ferreteriaplazamayor.es\/portal\/wp-content\/uploads\/2023\/08\/pexels-photomix-company-101808-2048x1365.jpg 2048w\" sizes=\"(max-width: 800px) 100vw, 800px\" \/>\t\t\t\t\t\t\t\t\t\t\t\t\t\t\t<\/div>\n\t\t\t\t<\/div>\n\t\t\t\t\t<\/div>\n\t\t<\/div>\n\t\t\t\t<div class=\"elementor-column elementor-col-50 elementor-top-column elementor-element elementor-element-b219b16\" data-id=\"b219b16\" data-element_type=\"column\">\n\t\t\t<div class=\"elementor-widget-wrap elementor-element-populated\">\n\t\t\t\t\t\t\t\t<div class=\"elementor-element elementor-element-e80a1af elementor-widget elementor-widget-image\" data-id=\"e80a1af\" data-element_type=\"widget\" data-widget_type=\"image.default\">\n\t\t\t\t<div class=\"elementor-widget-container\">\n\t\t\t\t\t\t\t\t\t\t\t\t\t\t\t<img decoding=\"async\" width=\"576\" height=\"1024\" src=\"https:\/\/www.ferreteriaplazamayor.es\/portal\/wp-content\/uploads\/2023\/08\/pexels-amar-preciado-14228048-576x1024.jpg\" class=\"attachment-large size-large wp-image-320\" alt=\"\" srcset=\"https:\/\/www.ferreteriaplazamayor.es\/portal\/wp-content\/uploads\/2023\/08\/pexels-amar-preciado-14228048-576x1024.jpg 576w, https:\/\/www.ferreteriaplazamayor.es\/portal\/wp-content\/uploads\/2023\/08\/pexels-amar-preciado-14228048-169x300.jpg 169w, https:\/\/www.ferreteriaplazamayor.es\/portal\/wp-content\/uploads\/2023\/08\/pexels-amar-preciado-14228048-768x1366.jpg 768w, https:\/\/www.ferreteriaplazamayor.es\/portal\/wp-content\/uploads\/2023\/08\/pexels-amar-preciado-14228048-864x1536.jpg 864w, https:\/\/www.ferreteriaplazamayor.es\/portal\/wp-content\/uploads\/2023\/08\/pexels-amar-preciado-14228048-1152x2048.jpg 1152w, https:\/\/www.ferreteriaplazamayor.es\/portal\/wp-content\/uploads\/2023\/08\/pexels-amar-preciado-14228048-scaled.jpg 1439w\" sizes=\"(max-width: 576px) 100vw, 576px\" \/>\t\t\t\t\t\t\t\t\t\t\t\t\t\t\t<\/div>\n\t\t\t\t<\/div>\n\t\t\t\t\t<\/div>\n\t\t<\/div>\n\t\t\t\t\t\t\t<\/div>\n\t\t<\/section>\n\t\t\t\t<section class=\"elementor-section elementor-top-section elementor-element elementor-element-7df03a0f elementor-section-boxed elementor-section-height-default elementor-section-height-default\" data-id=\"7df03a0f\" data-element_type=\"section\">\n\t\t\t\t\t\t<div class=\"elementor-container elementor-column-gap-default\">\n\t\t\t\t\t<div class=\"elementor-column elementor-col-100 elementor-top-column elementor-element elementor-element-797fae80\" data-id=\"797fae80\" data-element_type=\"column\">\n\t\t\t<div class=\"elementor-widget-wrap elementor-element-populated\">\n\t\t\t\t\t\t\t\t<div class=\"elementor-element elementor-element-10c081fc elementor-widget elementor-widget-text-editor\" data-id=\"10c081fc\" data-element_type=\"widget\" data-widget_type=\"text-editor.default\">\n\t\t\t\t<div class=\"elementor-widget-container\">\n\t\t\t<style>\/*! elementor - v3.18.0 - 20-12-2023 *\/\n.elementor-widget-text-editor.elementor-drop-cap-view-stacked .elementor-drop-cap{background-color:#69727d;color:#fff}.elementor-widget-text-editor.elementor-drop-cap-view-framed .elementor-drop-cap{color:#69727d;border:3px solid;background-color:transparent}.elementor-widget-text-editor:not(.elementor-drop-cap-view-default) .elementor-drop-cap{margin-top:8px}.elementor-widget-text-editor:not(.elementor-drop-cap-view-default) .elementor-drop-cap-letter{width:1em;height:1em}.elementor-widget-text-editor .elementor-drop-cap{float:left;text-align:center;line-height:1;font-size:50px}.elementor-widget-text-editor .elementor-drop-cap-letter{display:inline-block}<\/style>\t\t\t\t<!-- wp:paragraph -->\n<p><strong>Servicio de Copia de Llaves y Mandos para Garaje y Coches: Tu Soluci\u00f3n en Seguridad y Conveniencia<\/strong><\/p>\n<!-- \/wp:paragraph -->\n\n<!-- wp:paragraph -->\n<p>En nuestro negocio, entendemos lo importante que es para ti sentirte seguro y tener acceso sin problemas a tu garaje y veh\u00edculo. Es por eso que ofrecemos un servicio de copia de llaves y mandos para garajes y coches que se adapta perfectamente a tus necesidades. Con a\u00f1os de experiencia y el uso de tecnolog\u00eda de vanguardia, somos tu aliado confiable para cualquier situaci\u00f3n relacionada con tus llaves y mandos.<\/p>\n<!-- \/wp:paragraph -->\n\n<!-- wp:paragraph -->\n<p><strong>Copias Precisas para Todo Tipo de Llaves y Mandos<\/strong><\/p>\n<!-- \/wp:paragraph -->\n\n<!-- wp:paragraph -->\n<p>Nuestro equipo de expertos est\u00e1 altamente capacitado para copiar una amplia variedad de llaves y mandos, desde los modelos m\u00e1s antiguos hasta los m\u00e1s modernos. Ya sea que necesites una copia de llave de seguridad para tu hogar, una llave de emergencia para tu autom\u00f3vil o un mando a distancia para tu garaje, estamos preparados para brindarte soluciones precisas y confiables.<\/p>\n<!-- \/wp:paragraph -->\n\n<!-- wp:paragraph -->\n<p><strong>Tecnolog\u00eda Avanzada para Resultados Garantizados<\/strong><\/p>\n<!-- \/wp:paragraph -->\n\n<!-- wp:paragraph -->\n<p>En nuestro compromiso de proporcionar un servicio de primera categor\u00eda, utilizamos tecnolog\u00eda avanzada para realizar copias de llaves y mandos con una precisi\u00f3n excepcional. Nuestro equipo est\u00e1 equipado con maquinaria de corte de \u00faltima generaci\u00f3n y programadores de mandos electr\u00f3nicos, lo que nos permite garantizar resultados impecables en cada servicio que ofrecemos.<\/p>\n<!-- \/wp:paragraph -->\n\n<!-- wp:paragraph -->\n<p><strong>Atenci\u00f3n Personalizada y Asesoramiento Profesional<\/strong><\/p>\n<!-- \/wp:paragraph -->\n\n<!-- wp:paragraph -->\n<p>Entendemos que cada cliente es \u00fanico y tiene necesidades espec\u00edficas en cuanto a sus llaves y mandos. Por ello, nos enorgullecemos de ofrecer una atenci\u00f3n personalizada y un asesoramiento profesional para cada caso. Si tienes preguntas sobre qu\u00e9 tipo de copia necesitas o qu\u00e9 opci\u00f3n es la m\u00e1s adecuada para tus requerimientos, nuestro equipo estar\u00e1 encantado de ayudarte y brindarte la informaci\u00f3n necesaria para que tomes la mejor decisi\u00f3n.<\/p>\n<!-- \/wp:paragraph -->\n\n<!-- wp:paragraph -->\n<p><strong>Servicio R\u00e1pido y Conveniente<\/strong><\/p>\n<!-- \/wp:paragraph -->\n\n<!-- wp:paragraph -->\n<p>Sabemos lo inc\u00f3modo que puede ser perder una llave o mando, por lo que nos esforzamos en ofrecer un servicio r\u00e1pido y conveniente. Nuestra experiencia y eficiencia nos permiten realizar copias en un tiempo r\u00e9cord, minimizando cualquier interrupci\u00f3n en tu d\u00eda a d\u00eda.<\/p>\n<!-- \/wp:paragraph -->\n\n<!-- wp:paragraph -->\n<p>Adem\u00e1s, nuestra ubicaci\u00f3n estrat\u00e9gica facilita el acceso a nuestro local, lo que significa que podr\u00e1s obtener tus copias de llaves y mandos sin dificultades y en el menor tiempo posible.<\/p>\n<!-- \/wp:paragraph -->\n\n<!-- wp:paragraph -->\n<p><strong>Precios Competitivos y Garant\u00eda de Satisfacci\u00f3n<\/strong><\/p>\n<!-- \/wp:paragraph -->\n\n<!-- wp:paragraph -->\n<p>En nuestro negocio, creemos que la calidad no debe estar re\u00f1ida con el precio. Es por ello que ofrecemos tarifas competitivas y transparentes para nuestros servicios de copia de llaves y mandos. Adem\u00e1s, respaldamos la calidad de nuestro trabajo con una garant\u00eda de satisfacci\u00f3n, lo que significa que si por alguna raz\u00f3n no est\u00e1s completamente satisfecho con nuestros servicios, haremos todo lo posible para solucionarlo.<\/p>\n<!-- \/wp:paragraph -->\n\n<!-- wp:paragraph -->\n<p><strong>Conclusi\u00f3n<\/strong><\/p>\n<!-- \/wp:paragraph -->\n\n<!-- wp:paragraph -->\n<p>Nuestro servicio de copia de llaves y mandos para garajes y coches es la elecci\u00f3n perfecta para garantizar tu seguridad y comodidad. Con atenci\u00f3n personalizada, tecnolog\u00eda de vanguardia y precios competitivos, estamos aqu\u00ed para ayudarte en todo momento. Ya sea que necesites una copia de emergencia o simplemente desees tener un duplicado adicional, conf\u00eda en nosotros para satisfacer tus necesidades de copia de llaves y mandos.<\/p>\n<!-- \/wp:paragraph -->\t\t\t\t\t\t<\/div>\n\t\t\t\t<\/div>\n\t\t\t\t\t<\/div>\n\t\t<\/div>\n\t\t\t\t\t\t\t<\/div>\n\t\t<\/section>\n\t\t\t\t\t\t\t<\/div>\n\t\t","protected":false},"excerpt":{"rendered":"<p>Servicio de Copia de Llaves y Mandos para Garaje y Coches: Tu Soluci\u00f3n en Seguridad y Conveniencia En nuestro negocio, entendemos lo importante que es para ti sentirte seguro y tener acceso sin problemas a tu garaje y veh\u00edculo. Es por eso que ofrecemos un servicio de copia de llaves y mandos para garajes y [&hellip;]<\/p>\n","protected":false},"author":1,"featured_media":0,"parent":0,"menu_order":0,"comment_status":"closed","ping_status":"closed","template":"","meta":[],"_links":{"self":[{"href":"https:\/\/www.ferreteriaplazamayor.es\/portal\/index.php?rest_route=\/wp\/v2\/pages\/79"}],"collection":[{"href":"https:\/\/www.ferreteriaplazamayor.es\/portal\/index.php?rest_route=\/wp\/v2\/pages"}],"about":[{"href":"https:\/\/www.ferreteriaplazamayor.es\/portal\/index.php?rest_route=\/wp\/v2\/types\/page"}],"author":[{"embeddable":true,"href":"https:\/\/www.ferreteriaplazamayor.es\/portal\/index.php?rest_route=\/wp\/v2\/users\/1"}],"replies":[{"embeddable":true,"href":"https:\/\/www.ferreteriaplazamayor.es\/portal\/index.php?rest_route=%2Fwp%2Fv2%2Fcomments&post=79"}],"version-history":[{"count":7,"href":"https:\/\/www.ferreteriaplazamayor.es\/portal\/index.php?rest_route=\/wp\/v2\/pages\/79\/revisions"}],"predecessor-version":[{"id":336,"href":"https:\/\/www.ferreteriaplazamayor.es\/portal\/index.php?rest_route=\/wp\/v2\/pages\/79\/revisions\/336"}],"wp:attachment":[{"href":"https:\/\/www.ferreteriaplazamayor.es\/portal\/index.php?rest_route=%2Fwp%2Fv2%2Fmedia&parent=79"}],"curies":[{"name":"wp","href":"https:\/\/api.w.org\/{rel}","templated":true}]}}